{"id":3700,"date":"2024-02-14T14:38:14","date_gmt":"2024-02-14T13:38:14","guid":{"rendered":"https:\/\/www.tourisme-gardanne.fr\/informacion\/"},"modified":"2025-03-20T12:16:59","modified_gmt":"2025-03-20T11:16:59","slug":"informacion","status":"publish","type":"page","link":"https:\/\/www.tourisme-gardanne.fr\/es\/gardanne-el-insospechado\/informacion\/","title":{"rendered":"Informaci\u00f3n"},"content":{"rendered":"","protected":false},"excerpt":{"rendered":"","protected":false},"author":1,"featured_media":1214,"parent":3703,"menu_order":0,"comment_status":"closed","ping_status":"closed","template":"","meta":{"_acf_changed":false,"footnotes":""},"class_list":["post-3700","page","type-page","status-publish","has-post-thumbnail","hentry"],"acf":[],"yoast_head":"<!-- This site is optimized with the Yoast SEO plugin v27.1.1 - https:\/\/yoast.com\/product\/yoast-seo-wordpress\/ -->\n<title>- Acceso - Tren - Autob\u00fas - Aparcamiento - Mapa - Tourisme Gardanne<\/title>\n<meta name=\"description\" content=\"Todos los caminos llevan a... \u00a1Gardanne! Tren, autob\u00fas, avi\u00f3n, aparcamiento gratuito. Mapa de la ciudad y acceso a Gardanne, estaci\u00f3n de tren de Gardanne.\" \/>\n<meta name=\"robots\" content=\"index, follow, max-snippet:-1, max-image-preview:large, max-video-preview:-1\" \/>\n<link rel=\"canonical\" href=\"https:\/\/www.tourisme-gardanne.fr\/es\/gardanne-el-insospechado\/informacion\/\" \/>\n<meta property=\"og:locale\" content=\"es_ES\" \/>\n<meta property=\"og:type\" content=\"article\" \/>\n<meta property=\"og:title\" content=\"- Acceso - Tren - Autob\u00fas - Aparcamiento - Mapa - Tourisme Gardanne\" \/>\n<meta property=\"og:description\" content=\"Todos los caminos llevan a... \u00a1Gardanne! Tren, autob\u00fas, avi\u00f3n, aparcamiento gratuito. Mapa de la ciudad y acceso a Gardanne, estaci\u00f3n de tren de Gardanne.\" \/>\n<meta property=\"og:url\" content=\"https:\/\/www.tourisme-gardanne.fr\/es\/gardanne-el-insospechado\/informacion\/\" \/>\n<meta property=\"og:site_name\" content=\"Tourisme Gardanne\" \/>\n<meta property=\"article:modified_time\" content=\"2025-03-20T11:16:59+00:00\" \/>\n<meta property=\"og:image\" content=\"https:\/\/www.tourisme-gardanne.fr\/wp-content\/uploads\/2024\/04\/OFFICE_GARDANNE_CHEKREK_2023-0063-1024x683.jpg\" \/>\n\t<meta property=\"og:image:width\" content=\"1024\" \/>\n\t<meta property=\"og:image:height\" content=\"683\" \/>\n\t<meta property=\"og:image:type\" content=\"image\/jpeg\" \/>\n<meta name=\"twitter:card\" content=\"summary_large_image\" \/>\n<script type=\"application\/ld+json\" class=\"yoast-schema-graph\">{\"@context\":\"https:\/\/schema.org\",\"@graph\":[{\"@type\":\"WebPage\",\"@id\":\"https:\/\/www.tourisme-gardanne.fr\/es\/gardanne-el-insospechado\/informacion\/\",\"url\":\"https:\/\/www.tourisme-gardanne.fr\/es\/gardanne-el-insospechado\/informacion\/\",\"name\":\"- Acceso - Tren - Autob\u00fas - Aparcamiento - Mapa - Tourisme Gardanne\",\"isPartOf\":{\"@id\":\"https:\/\/www.tourisme-gardanne.fr\/es\/#website\"},\"primaryImageOfPage\":{\"@id\":\"https:\/\/www.tourisme-gardanne.fr\/es\/gardanne-el-insospechado\/informacion\/#primaryimage\"},\"image\":{\"@id\":\"https:\/\/www.tourisme-gardanne.fr\/es\/gardanne-el-insospechado\/informacion\/#primaryimage\"},\"thumbnailUrl\":\"https:\/\/www.tourisme-gardanne.fr\/wp-content\/uploads\/2024\/04\/OFFICE_GARDANNE_CHEKREK_2023-0063-scaled.jpg\",\"datePublished\":\"2024-02-14T13:38:14+00:00\",\"dateModified\":\"2025-03-20T11:16:59+00:00\",\"description\":\"Todos los caminos llevan a... \u00a1Gardanne! Tren, autob\u00fas, avi\u00f3n, aparcamiento gratuito. Mapa de la ciudad y acceso a Gardanne, estaci\u00f3n de tren de Gardanne.\",\"breadcrumb\":{\"@id\":\"https:\/\/www.tourisme-gardanne.fr\/es\/gardanne-el-insospechado\/informacion\/#breadcrumb\"},\"inLanguage\":\"es\",\"potentialAction\":[{\"@type\":\"ReadAction\",\"target\":[\"https:\/\/www.tourisme-gardanne.fr\/es\/gardanne-el-insospechado\/informacion\/\"]}]},{\"@type\":\"ImageObject\",\"inLanguage\":\"es\",\"@id\":\"https:\/\/www.tourisme-gardanne.fr\/es\/gardanne-el-insospechado\/informacion\/#primaryimage\",\"url\":\"https:\/\/www.tourisme-gardanne.fr\/wp-content\/uploads\/2024\/04\/OFFICE_GARDANNE_CHEKREK_2023-0063-scaled.jpg\",\"contentUrl\":\"https:\/\/www.tourisme-gardanne.fr\/wp-content\/uploads\/2024\/04\/OFFICE_GARDANNE_CHEKREK_2023-0063-scaled.jpg\",\"width\":8192,\"height\":5464},{\"@type\":\"BreadcrumbList\",\"@id\":\"https:\/\/www.tourisme-gardanne.fr\/es\/gardanne-el-insospechado\/informacion\/#breadcrumb\",\"itemListElement\":[{\"@type\":\"ListItem\",\"position\":1,\"name\":\"Inicio\",\"item\":\"https:\/\/www.tourisme-gardanne.fr\/es\/\"},{\"@type\":\"ListItem\",\"position\":2,\"name\":\"Gardanne el insospechado\",\"item\":\"https:\/\/www.tourisme-gardanne.fr\/es\/gardanne-el-insospechado\/\"},{\"@type\":\"ListItem\",\"position\":3,\"name\":\"Informaci\u00f3n\"}]},{\"@type\":\"WebSite\",\"@id\":\"https:\/\/www.tourisme-gardanne.fr\/es\/#website\",\"url\":\"https:\/\/www.tourisme-gardanne.fr\/es\/\",\"name\":\"Tourisme Gardanne\",\"description\":\"\",\"publisher\":{\"@id\":\"https:\/\/www.tourisme-gardanne.fr\/es\/#organization\"},\"potentialAction\":[{\"@type\":\"SearchAction\",\"target\":{\"@type\":\"EntryPoint\",\"urlTemplate\":\"https:\/\/www.tourisme-gardanne.fr\/es\/?s={search_term_string}\"},\"query-input\":{\"@type\":\"PropertyValueSpecification\",\"valueRequired\":true,\"valueName\":\"search_term_string\"}}],\"inLanguage\":\"es\"},{\"@type\":\"Organization\",\"@id\":\"https:\/\/www.tourisme-gardanne.fr\/es\/#organization\",\"name\":\"Tourisme Gardanne\",\"url\":\"https:\/\/www.tourisme-gardanne.fr\/es\/\",\"logo\":{\"@type\":\"ImageObject\",\"inLanguage\":\"es\",\"@id\":\"https:\/\/www.tourisme-gardanne.fr\/es\/#\/schema\/logo\/image\/\",\"url\":\"https:\/\/www.tourisme-gardanne.fr\/wp-content\/uploads\/2024\/02\/logo.svg\",\"contentUrl\":\"https:\/\/www.tourisme-gardanne.fr\/wp-content\/uploads\/2024\/02\/logo.svg\",\"width\":1,\"height\":1,\"caption\":\"Tourisme Gardanne\"},\"image\":{\"@id\":\"https:\/\/www.tourisme-gardanne.fr\/es\/#\/schema\/logo\/image\/\"}}]}<\/script>\n<!-- \/ Yoast SEO plugin. -->","yoast_head_json":{"title":"- Acceso - Tren - Autob\u00fas - Aparcamiento - Mapa - Tourisme Gardanne","description":"Todos los caminos llevan a... \u00a1Gardanne! Tren, autob\u00fas, avi\u00f3n, aparcamiento gratuito. Mapa de la ciudad y acceso a Gardanne, estaci\u00f3n de tren de Gardanne.","robots":{"index":"index","follow":"follow","max-snippet":"max-snippet:-1","max-image-preview":"max-image-preview:large","max-video-preview":"max-video-preview:-1"},"canonical":"https:\/\/www.tourisme-gardanne.fr\/es\/gardanne-el-insospechado\/informacion\/","og_locale":"es_ES","og_type":"article","og_title":"- Acceso - Tren - Autob\u00fas - Aparcamiento - Mapa - Tourisme Gardanne","og_description":"Todos los caminos llevan a... \u00a1Gardanne! Tren, autob\u00fas, avi\u00f3n, aparcamiento gratuito. Mapa de la ciudad y acceso a Gardanne, estaci\u00f3n de tren de Gardanne.","og_url":"https:\/\/www.tourisme-gardanne.fr\/es\/gardanne-el-insospechado\/informacion\/","og_site_name":"Tourisme Gardanne","article_modified_time":"2025-03-20T11:16:59+00:00","og_image":[{"width":1024,"height":683,"url":"https:\/\/www.tourisme-gardanne.fr\/wp-content\/uploads\/2024\/04\/OFFICE_GARDANNE_CHEKREK_2023-0063-1024x683.jpg","type":"image\/jpeg"}],"twitter_card":"summary_large_image","schema":{"@context":"https:\/\/schema.org","@graph":[{"@type":"WebPage","@id":"https:\/\/www.tourisme-gardanne.fr\/es\/gardanne-el-insospechado\/informacion\/","url":"https:\/\/www.tourisme-gardanne.fr\/es\/gardanne-el-insospechado\/informacion\/","name":"- Acceso - Tren - Autob\u00fas - Aparcamiento - Mapa - Tourisme Gardanne","isPartOf":{"@id":"https:\/\/www.tourisme-gardanne.fr\/es\/#website"},"primaryImageOfPage":{"@id":"https:\/\/www.tourisme-gardanne.fr\/es\/gardanne-el-insospechado\/informacion\/#primaryimage"},"image":{"@id":"https:\/\/www.tourisme-gardanne.fr\/es\/gardanne-el-insospechado\/informacion\/#primaryimage"},"thumbnailUrl":"https:\/\/www.tourisme-gardanne.fr\/wp-content\/uploads\/2024\/04\/OFFICE_GARDANNE_CHEKREK_2023-0063-scaled.jpg","datePublished":"2024-02-14T13:38:14+00:00","dateModified":"2025-03-20T11:16:59+00:00","description":"Todos los caminos llevan a... \u00a1Gardanne! Tren, autob\u00fas, avi\u00f3n, aparcamiento gratuito. Mapa de la ciudad y acceso a Gardanne, estaci\u00f3n de tren de Gardanne.","breadcrumb":{"@id":"https:\/\/www.tourisme-gardanne.fr\/es\/gardanne-el-insospechado\/informacion\/#breadcrumb"},"inLanguage":"es","potentialAction":[{"@type":"ReadAction","target":["https:\/\/www.tourisme-gardanne.fr\/es\/gardanne-el-insospechado\/informacion\/"]}]},{"@type":"ImageObject","inLanguage":"es","@id":"https:\/\/www.tourisme-gardanne.fr\/es\/gardanne-el-insospechado\/informacion\/#primaryimage","url":"https:\/\/www.tourisme-gardanne.fr\/wp-content\/uploads\/2024\/04\/OFFICE_GARDANNE_CHEKREK_2023-0063-scaled.jpg","contentUrl":"https:\/\/www.tourisme-gardanne.fr\/wp-content\/uploads\/2024\/04\/OFFICE_GARDANNE_CHEKREK_2023-0063-scaled.jpg","width":8192,"height":5464},{"@type":"BreadcrumbList","@id":"https:\/\/www.tourisme-gardanne.fr\/es\/gardanne-el-insospechado\/informacion\/#breadcrumb","itemListElement":[{"@type":"ListItem","position":1,"name":"Inicio","item":"https:\/\/www.tourisme-gardanne.fr\/es\/"},{"@type":"ListItem","position":2,"name":"Gardanne el insospechado","item":"https:\/\/www.tourisme-gardanne.fr\/es\/gardanne-el-insospechado\/"},{"@type":"ListItem","position":3,"name":"Informaci\u00f3n"}]},{"@type":"WebSite","@id":"https:\/\/www.tourisme-gardanne.fr\/es\/#website","url":"https:\/\/www.tourisme-gardanne.fr\/es\/","name":"Tourisme Gardanne","description":"","publisher":{"@id":"https:\/\/www.tourisme-gardanne.fr\/es\/#organization"},"potentialAction":[{"@type":"SearchAction","target":{"@type":"EntryPoint","urlTemplate":"https:\/\/www.tourisme-gardanne.fr\/es\/?s={search_term_string}"},"query-input":{"@type":"PropertyValueSpecification","valueRequired":true,"valueName":"search_term_string"}}],"inLanguage":"es"},{"@type":"Organization","@id":"https:\/\/www.tourisme-gardanne.fr\/es\/#organization","name":"Tourisme Gardanne","url":"https:\/\/www.tourisme-gardanne.fr\/es\/","logo":{"@type":"ImageObject","inLanguage":"es","@id":"https:\/\/www.tourisme-gardanne.fr\/es\/#\/schema\/logo\/image\/","url":"https:\/\/www.tourisme-gardanne.fr\/wp-content\/uploads\/2024\/02\/logo.svg","contentUrl":"https:\/\/www.tourisme-gardanne.fr\/wp-content\/uploads\/2024\/02\/logo.svg","width":1,"height":1,"caption":"Tourisme Gardanne"},"image":{"@id":"https:\/\/www.tourisme-gardanne.fr\/es\/#\/schema\/logo\/image\/"}}]}},"_links":{"self":[{"href":"https:\/\/www.tourisme-gardanne.fr\/es\/wp-json\/wp\/v2\/pages\/3700","targetHints":{"allow":["GET"]}}],"collection":[{"href":"https:\/\/www.tourisme-gardanne.fr\/es\/wp-json\/wp\/v2\/pages"}],"about":[{"href":"https:\/\/www.tourisme-gardanne.fr\/es\/wp-json\/wp\/v2\/types\/page"}],"author":[{"embeddable":true,"href":"https:\/\/www.tourisme-gardanne.fr\/es\/wp-json\/wp\/v2\/users\/1"}],"replies":[{"embeddable":true,"href":"https:\/\/www.tourisme-gardanne.fr\/es\/wp-json\/wp\/v2\/comments?post=3700"}],"version-history":[{"count":1,"href":"https:\/\/www.tourisme-gardanne.fr\/es\/wp-json\/wp\/v2\/pages\/3700\/revisions"}],"predecessor-version":[{"id":3704,"href":"https:\/\/www.tourisme-gardanne.fr\/es\/wp-json\/wp\/v2\/pages\/3700\/revisions\/3704"}],"up":[{"embeddable":true,"href":"https:\/\/www.tourisme-gardanne.fr\/es\/wp-json\/wp\/v2\/pages\/3703"}],"wp:featuredmedia":[{"embeddable":true,"href":"https:\/\/www.tourisme-gardanne.fr\/es\/wp-json\/wp\/v2\/media\/1214"}],"wp:attachment":[{"href":"https:\/\/www.tourisme-gardanne.fr\/es\/wp-json\/wp\/v2\/media?parent=3700"}],"curies":[{"name":"wp","href":"https:\/\/api.w.org\/{rel}","templated":true}]}}