{"id":3702,"date":"2024-02-15T12:28:52","date_gmt":"2024-02-15T11:28:52","guid":{"rendered":"https:\/\/www.tourisme-gardanne.fr\/5-buenas-razones\/"},"modified":"2024-08-06T09:31:43","modified_gmt":"2024-08-06T07:31:43","slug":"5-buenas-razones","status":"publish","type":"page","link":"https:\/\/www.tourisme-gardanne.fr\/es\/gardanne-el-insospechado\/5-buenas-razones\/","title":{"rendered":"5 buenas razones"},"content":{"rendered":"","protected":false},"excerpt":{"rendered":"","protected":false},"author":1,"featured_media":1492,"parent":3703,"menu_order":0,"comment_status":"closed","ping_status":"closed","template":"","meta":{"_acf_changed":false,"footnotes":""},"class_list":["post-3702","page","type-page","status-publish","has-post-thumbnail","hentry"],"acf":[],"yoast_head":"<!-- This site is optimized with the Yoast SEO plugin v27.1.1 - https:\/\/yoast.com\/product\/yoast-seo-wordpress\/ -->\n<title>- Mercado - Paseo - Artesan\u00eda - Industria - Tourisme Gardanne<\/title>\n<meta name=\"description\" content=\"Gardanne: mercado, colina de Cativel, r\u00edo La Luynes, Tuilerie Bossy, Alteo. Tierra de agricultura, industria, miner\u00eda e innovaci\u00f3n.\" \/>\n<meta name=\"robots\" content=\"index, follow, max-snippet:-1, max-image-preview:large, max-video-preview:-1\" \/>\n<link rel=\"canonical\" href=\"https:\/\/www.tourisme-gardanne.fr\/es\/gardanne-el-insospechado\/5-buenas-razones\/\" \/>\n<meta property=\"og:locale\" content=\"es_ES\" \/>\n<meta property=\"og:type\" content=\"article\" \/>\n<meta property=\"og:title\" content=\"- Mercado - Paseo - Artesan\u00eda - Industria - Tourisme Gardanne\" \/>\n<meta property=\"og:description\" content=\"Gardanne: mercado, colina de Cativel, r\u00edo La Luynes, Tuilerie Bossy, Alteo. Tierra de agricultura, industria, miner\u00eda e innovaci\u00f3n.\" \/>\n<meta property=\"og:url\" content=\"https:\/\/www.tourisme-gardanne.fr\/es\/gardanne-el-insospechado\/5-buenas-razones\/\" \/>\n<meta property=\"og:site_name\" content=\"Tourisme Gardanne\" \/>\n<meta property=\"article:modified_time\" content=\"2024-08-06T07:31:43+00:00\" \/>\n<meta name=\"twitter:card\" content=\"summary_large_image\" \/>\n<script type=\"application\/ld+json\" class=\"yoast-schema-graph\">{\"@context\":\"https:\/\/schema.org\",\"@graph\":[{\"@type\":\"WebPage\",\"@id\":\"https:\/\/www.tourisme-gardanne.fr\/es\/gardanne-el-insospechado\/5-buenas-razones\/\",\"url\":\"https:\/\/www.tourisme-gardanne.fr\/es\/gardanne-el-insospechado\/5-buenas-razones\/\",\"name\":\"- Mercado - Paseo - Artesan\u00eda - Industria - Tourisme Gardanne\",\"isPartOf\":{\"@id\":\"https:\/\/www.tourisme-gardanne.fr\/es\/#website\"},\"primaryImageOfPage\":{\"@id\":\"https:\/\/www.tourisme-gardanne.fr\/es\/gardanne-el-insospechado\/5-buenas-razones\/#primaryimage\"},\"image\":{\"@id\":\"https:\/\/www.tourisme-gardanne.fr\/es\/gardanne-el-insospechado\/5-buenas-razones\/#primaryimage\"},\"thumbnailUrl\":\"https:\/\/www.tourisme-gardanne.fr\/wp-content\/uploads\/2024\/04\/OFFICE_GARDANNE_CHEKREK_2023-0673-scaled.jpg\",\"datePublished\":\"2024-02-15T11:28:52+00:00\",\"dateModified\":\"2024-08-06T07:31:43+00:00\",\"description\":\"Gardanne: mercado, colina de Cativel, r\u00edo La Luynes, Tuilerie Bossy, Alteo. Tierra de agricultura, industria, miner\u00eda e innovaci\u00f3n.\",\"breadcrumb\":{\"@id\":\"https:\/\/www.tourisme-gardanne.fr\/es\/gardanne-el-insospechado\/5-buenas-razones\/#breadcrumb\"},\"inLanguage\":\"es\",\"potentialAction\":[{\"@type\":\"ReadAction\",\"target\":[\"https:\/\/www.tourisme-gardanne.fr\/es\/gardanne-el-insospechado\/5-buenas-razones\/\"]}]},{\"@type\":\"ImageObject\",\"inLanguage\":\"es\",\"@id\":\"https:\/\/www.tourisme-gardanne.fr\/es\/gardanne-el-insospechado\/5-buenas-razones\/#primaryimage\",\"url\":\"https:\/\/www.tourisme-gardanne.fr\/wp-content\/uploads\/2024\/04\/OFFICE_GARDANNE_CHEKREK_2023-0673-scaled.jpg\",\"contentUrl\":\"https:\/\/www.tourisme-gardanne.fr\/wp-content\/uploads\/2024\/04\/OFFICE_GARDANNE_CHEKREK_2023-0673-scaled.jpg\",\"width\":2560,\"height\":1891},{\"@type\":\"BreadcrumbList\",\"@id\":\"https:\/\/www.tourisme-gardanne.fr\/es\/gardanne-el-insospechado\/5-buenas-razones\/#breadcrumb\",\"itemListElement\":[{\"@type\":\"ListItem\",\"position\":1,\"name\":\"Inicio\",\"item\":\"https:\/\/www.tourisme-gardanne.fr\/es\/\"},{\"@type\":\"ListItem\",\"position\":2,\"name\":\"Gardanne el insospechado\",\"item\":\"https:\/\/www.tourisme-gardanne.fr\/es\/gardanne-el-insospechado\/\"},{\"@type\":\"ListItem\",\"position\":3,\"name\":\"5 buenas razones\"}]},{\"@type\":\"WebSite\",\"@id\":\"https:\/\/www.tourisme-gardanne.fr\/es\/#website\",\"url\":\"https:\/\/www.tourisme-gardanne.fr\/es\/\",\"name\":\"Tourisme Gardanne\",\"description\":\"\",\"publisher\":{\"@id\":\"https:\/\/www.tourisme-gardanne.fr\/es\/#organization\"},\"potentialAction\":[{\"@type\":\"SearchAction\",\"target\":{\"@type\":\"EntryPoint\",\"urlTemplate\":\"https:\/\/www.tourisme-gardanne.fr\/es\/?s={search_term_string}\"},\"query-input\":{\"@type\":\"PropertyValueSpecification\",\"valueRequired\":true,\"valueName\":\"search_term_string\"}}],\"inLanguage\":\"es\"},{\"@type\":\"Organization\",\"@id\":\"https:\/\/www.tourisme-gardanne.fr\/es\/#organization\",\"name\":\"Tourisme Gardanne\",\"url\":\"https:\/\/www.tourisme-gardanne.fr\/es\/\",\"logo\":{\"@type\":\"ImageObject\",\"inLanguage\":\"es\",\"@id\":\"https:\/\/www.tourisme-gardanne.fr\/es\/#\/schema\/logo\/image\/\",\"url\":\"https:\/\/www.tourisme-gardanne.fr\/wp-content\/uploads\/2024\/02\/logo.svg\",\"contentUrl\":\"https:\/\/www.tourisme-gardanne.fr\/wp-content\/uploads\/2024\/02\/logo.svg\",\"width\":1,\"height\":1,\"caption\":\"Tourisme Gardanne\"},\"image\":{\"@id\":\"https:\/\/www.tourisme-gardanne.fr\/es\/#\/schema\/logo\/image\/\"}}]}<\/script>\n<!-- \/ Yoast SEO plugin. -->","yoast_head_json":{"title":"- Mercado - Paseo - Artesan\u00eda - Industria - Tourisme Gardanne","description":"Gardanne: mercado, colina de Cativel, r\u00edo La Luynes, Tuilerie Bossy, Alteo. Tierra de agricultura, industria, miner\u00eda e innovaci\u00f3n.","robots":{"index":"index","follow":"follow","max-snippet":"max-snippet:-1","max-image-preview":"max-image-preview:large","max-video-preview":"max-video-preview:-1"},"canonical":"https:\/\/www.tourisme-gardanne.fr\/es\/gardanne-el-insospechado\/5-buenas-razones\/","og_locale":"es_ES","og_type":"article","og_title":"- Mercado - Paseo - Artesan\u00eda - Industria - Tourisme Gardanne","og_description":"Gardanne: mercado, colina de Cativel, r\u00edo La Luynes, Tuilerie Bossy, Alteo. Tierra de agricultura, industria, miner\u00eda e innovaci\u00f3n.","og_url":"https:\/\/www.tourisme-gardanne.fr\/es\/gardanne-el-insospechado\/5-buenas-razones\/","og_site_name":"Tourisme Gardanne","article_modified_time":"2024-08-06T07:31:43+00:00","twitter_card":"summary_large_image","schema":{"@context":"https:\/\/schema.org","@graph":[{"@type":"WebPage","@id":"https:\/\/www.tourisme-gardanne.fr\/es\/gardanne-el-insospechado\/5-buenas-razones\/","url":"https:\/\/www.tourisme-gardanne.fr\/es\/gardanne-el-insospechado\/5-buenas-razones\/","name":"- Mercado - Paseo - Artesan\u00eda - Industria - Tourisme Gardanne","isPartOf":{"@id":"https:\/\/www.tourisme-gardanne.fr\/es\/#website"},"primaryImageOfPage":{"@id":"https:\/\/www.tourisme-gardanne.fr\/es\/gardanne-el-insospechado\/5-buenas-razones\/#primaryimage"},"image":{"@id":"https:\/\/www.tourisme-gardanne.fr\/es\/gardanne-el-insospechado\/5-buenas-razones\/#primaryimage"},"thumbnailUrl":"https:\/\/www.tourisme-gardanne.fr\/wp-content\/uploads\/2024\/04\/OFFICE_GARDANNE_CHEKREK_2023-0673-scaled.jpg","datePublished":"2024-02-15T11:28:52+00:00","dateModified":"2024-08-06T07:31:43+00:00","description":"Gardanne: mercado, colina de Cativel, r\u00edo La Luynes, Tuilerie Bossy, Alteo. Tierra de agricultura, industria, miner\u00eda e innovaci\u00f3n.","breadcrumb":{"@id":"https:\/\/www.tourisme-gardanne.fr\/es\/gardanne-el-insospechado\/5-buenas-razones\/#breadcrumb"},"inLanguage":"es","potentialAction":[{"@type":"ReadAction","target":["https:\/\/www.tourisme-gardanne.fr\/es\/gardanne-el-insospechado\/5-buenas-razones\/"]}]},{"@type":"ImageObject","inLanguage":"es","@id":"https:\/\/www.tourisme-gardanne.fr\/es\/gardanne-el-insospechado\/5-buenas-razones\/#primaryimage","url":"https:\/\/www.tourisme-gardanne.fr\/wp-content\/uploads\/2024\/04\/OFFICE_GARDANNE_CHEKREK_2023-0673-scaled.jpg","contentUrl":"https:\/\/www.tourisme-gardanne.fr\/wp-content\/uploads\/2024\/04\/OFFICE_GARDANNE_CHEKREK_2023-0673-scaled.jpg","width":2560,"height":1891},{"@type":"BreadcrumbList","@id":"https:\/\/www.tourisme-gardanne.fr\/es\/gardanne-el-insospechado\/5-buenas-razones\/#breadcrumb","itemListElement":[{"@type":"ListItem","position":1,"name":"Inicio","item":"https:\/\/www.tourisme-gardanne.fr\/es\/"},{"@type":"ListItem","position":2,"name":"Gardanne el insospechado","item":"https:\/\/www.tourisme-gardanne.fr\/es\/gardanne-el-insospechado\/"},{"@type":"ListItem","position":3,"name":"5 buenas razones"}]},{"@type":"WebSite","@id":"https:\/\/www.tourisme-gardanne.fr\/es\/#website","url":"https:\/\/www.tourisme-gardanne.fr\/es\/","name":"Tourisme Gardanne","description":"","publisher":{"@id":"https:\/\/www.tourisme-gardanne.fr\/es\/#organization"},"potentialAction":[{"@type":"SearchAction","target":{"@type":"EntryPoint","urlTemplate":"https:\/\/www.tourisme-gardanne.fr\/es\/?s={search_term_string}"},"query-input":{"@type":"PropertyValueSpecification","valueRequired":true,"valueName":"search_term_string"}}],"inLanguage":"es"},{"@type":"Organization","@id":"https:\/\/www.tourisme-gardanne.fr\/es\/#organization","name":"Tourisme Gardanne","url":"https:\/\/www.tourisme-gardanne.fr\/es\/","logo":{"@type":"ImageObject","inLanguage":"es","@id":"https:\/\/www.tourisme-gardanne.fr\/es\/#\/schema\/logo\/image\/","url":"https:\/\/www.tourisme-gardanne.fr\/wp-content\/uploads\/2024\/02\/logo.svg","contentUrl":"https:\/\/www.tourisme-gardanne.fr\/wp-content\/uploads\/2024\/02\/logo.svg","width":1,"height":1,"caption":"Tourisme Gardanne"},"image":{"@id":"https:\/\/www.tourisme-gardanne.fr\/es\/#\/schema\/logo\/image\/"}}]}},"_links":{"self":[{"href":"https:\/\/www.tourisme-gardanne.fr\/es\/wp-json\/wp\/v2\/pages\/3702","targetHints":{"allow":["GET"]}}],"collection":[{"href":"https:\/\/www.tourisme-gardanne.fr\/es\/wp-json\/wp\/v2\/pages"}],"about":[{"href":"https:\/\/www.tourisme-gardanne.fr\/es\/wp-json\/wp\/v2\/types\/page"}],"author":[{"embeddable":true,"href":"https:\/\/www.tourisme-gardanne.fr\/es\/wp-json\/wp\/v2\/users\/1"}],"replies":[{"embeddable":true,"href":"https:\/\/www.tourisme-gardanne.fr\/es\/wp-json\/wp\/v2\/comments?post=3702"}],"version-history":[{"count":1,"href":"https:\/\/www.tourisme-gardanne.fr\/es\/wp-json\/wp\/v2\/pages\/3702\/revisions"}],"predecessor-version":[{"id":3705,"href":"https:\/\/www.tourisme-gardanne.fr\/es\/wp-json\/wp\/v2\/pages\/3702\/revisions\/3705"}],"up":[{"embeddable":true,"href":"https:\/\/www.tourisme-gardanne.fr\/es\/wp-json\/wp\/v2\/pages\/3703"}],"wp:featuredmedia":[{"embeddable":true,"href":"https:\/\/www.tourisme-gardanne.fr\/es\/wp-json\/wp\/v2\/media\/1492"}],"wp:attachment":[{"href":"https:\/\/www.tourisme-gardanne.fr\/es\/wp-json\/wp\/v2\/media?parent=3702"}],"curies":[{"name":"wp","href":"https:\/\/api.w.org\/{rel}","templated":true}]}}